{"id":1339,"date":"2017-04-11T12:51:58","date_gmt":"2017-04-11T12:51:58","guid":{"rendered":"http:\/\/gt3demo.com\/wp\/wizelaw\/?page_id=1339"},"modified":"2026-01-13T16:12:48","modified_gmt":"2026-01-13T15:12:48","slug":"avocats-strategie-solutions-internationales","status":"publish","type":"page","link":"https:\/\/www.weissbergavocats.com\/en\/","title":{"rendered":"Home"},"content":{"rendered":"<div class=\"pdfprnt-buttons pdfprnt-buttons-page pdfprnt-top-left\"><a href=\"https:\/\/www.weissbergavocats.com\/en\/wp-json\/wp\/v2\/pages\/1339?print=print\" class=\"pdfprnt-button pdfprnt-button-print\" target=\"_blank\" ><img decoding=\"async\" src=\"https:\/\/www.weissbergavocats.com\/wp-content\/plugins\/pdf-print\/images\/print.png\" alt=\"image_print\" title=\"Print Content\" \/><\/a><\/div><div data-vc-full-width=\"true\" data-vc-full-width-init=\"false\" data-vc-stretch-content=\"true\" class=\"vc_row wpb_row vc_row-fluid wpb_animate_when_almost_visible wpb_fadeInDown fadeInDown vc_custom_1582139723483 vc_row-has-fill vc_column-gap-30 vc_row-o-full-height vc_row-o-columns-middle vc_row-o-content-top vc_row-flex\"><div class=\"text-center wpb_column vc_column_container vc_col-sm-12\"><div class=\"vc_column-inner vc_custom_1574783625340\"><div class=\"wpb_wrapper\"><div data-color=\"#ffffff\" class=\"gt3_custom_text\" style=\"color:#ffffff;font-size: 54px; line-height: 100%; \"> <div class=\"gt3_custom_text-font_size_tablet\" style=\"font-size:30px;line-height: 100%;\"> <div class=\"gt3_custom_text-font_size_mobile\" style=\"font-size:15px;line-height: 100%;\">\n<p id=\"pg\" style=\"color: #56a1d5; text-align: center; font-size: 30px; letter-spacing: 10px; line-height: 35px;\"><strong>CROSS BORDER ATTORNEYS<\/strong><\/p>\n<p style=\"text-align: center; font-size: 25px; font-weight: bold; letter-spacing: 3px; line-height: 35px;\">INTERNATIONAL STRATEGIES &amp; SOLUTIONS<\/p>\n <\/div> <\/div><\/div><div class=\"gt3_spacing gt3_spacing-height_tablet-on gt3_spacing-height_mobile-on\"><div class=\"gt3_spacing-height gt3_spacing-height_default\" style=\"height:26px;\"><\/div> <div class=\"gt3_spacing-height gt3_spacing-height_tablet\" style=\"height:90px;\"><\/div> <div class=\"gt3_spacing-height gt3_spacing-height_mobile\" style=\"height:40px;\"><\/div><\/div><div class=\"gt3_icon_box gt3_icon_box_icon-position_ gt3_icon_box_icon-position_top gt3_icon_box__icon_icon_size_large  wpb_animate_when_almost_visible wpb_bounceInDown bounceInDown icon-bg gt3-box-image\"><i class=\"gt3_icon_box__icon\" ><a href=\"#vers_bas\" target=\"_blank\"><span class=\"gt3_icon_box__icon-bg\" style=\"background-color:rgba(255,255,255,0.3)\"><\/span><img loading=\"lazy\" decoding=\"async\" width=\"500\" height=\"500\" src=\"https:\/\/www.weissbergavocats.com\/wp-content\/uploads\/2020\/06\/pngegg-e1591694217509.png\" class=\"attachment-full size-full\" alt=\"\" srcset=\"https:\/\/www.weissbergavocats.com\/wp-content\/uploads\/2020\/06\/pngegg-e1591694217509.png 500w, https:\/\/www.weissbergavocats.com\/wp-content\/uploads\/2020\/06\/pngegg-e1591694217509-150x150.png 150w, https:\/\/www.weissbergavocats.com\/wp-content\/uploads\/2020\/06\/pngegg-e1591694217509-300x300.png 300w\" sizes=\"auto, (max-width: 500px) 100vw, 500px\" \/><\/a><\/i><\/div><\/div><\/div><\/div><\/div><div class=\"vc_row-full-width vc_clearfix\"><\/div><div class=\"vc_custom_1765815015008\"><div class=\"container\"><div class=\"vc_row wpb_row vc_row-fluid vc_row-has-fill vc_column-gap-30\"><div class=\"vc_custom_1521452601363 wpb_animate_when_almost_visible wpb_fadeInLeft fadeInLeft wpb_column vc_column_container vc_col-sm-12\" id=\"down\"><div class=\"vc_column-inner vc_custom_1765815123644\"><div class=\"wpb_wrapper\">\n\t<div class=\"wpb_raw_code wpb_content_element wpb_raw_html ancres\" >\n\t\t<div class=\"wpb_wrapper\">\n\t\t\t<span class=\"ancres\" id=\"vers_bas\"><\/span>\n\n\t\t<\/div>\n\t<\/div>\n\n\t<div class=\"wpb_text_column wpb_content_element  wpb_animate_when_almost_visible wpb_fadeInUp fadeInUp\" >\n\t\t<div class=\"wpb_wrapper\">\n\t\t\t<p>Our presence in Europe, in North America and our lawyers all endowed with a double legal culture, thus allows us to ensure a great efficiency in contentious and contractual transnational and international cases.<\/p>\n\n\t\t<\/div>\n\t<\/div>\n<div class=\"vc_empty_space\"   style=\"height: 50px\"><span class=\"vc_empty_space_inner\"><\/span><\/div>\r\n<div class=\"vc_row\">\r\n    <div class=\"vc_col-sm-12 module_team  vc_custom_1768317165343\">\r\n        \t<div class=\"shortcode_team\">\r\n\t        <div class=\"items4\">\r\n\t        \t          <ul class=\"item_list\"  >\r\n\t         \t\t\r\n            <li class=\"item-team-member bank-financial car-accident corporate dispute-resolution family-law personal-injury\" >\r\n                <div class=\"item_wrapper\">\r\n                    <div class=\"item\">\r\n                        <div class=\"team_img featured_img\">\r\n                            <a href=\"https:\/\/www.weissbergavocats.com\/en\/team\/kennethweissberg\/\"><img decoding=\"async\"  src=\"https:\/\/www.weissbergavocats.com\/wp-content\/uploads\/2019\/11\/Kenneth-586x586.jpg\" alt=\"Kenneth Weissberg\" \/><\/a>\r\n                        <\/div>\r\n                        <a href=\"https:\/\/www.weissbergavocats.com\/en\/team\/kennethweissberg\/\"><div class=\"team_cover\"><\/div><\/a>\r\n                        <div class=\"team-infobox\">\r\n                            <div class=\"team_title\">\r\n                                <h4><a href=\"https:\/\/www.weissbergavocats.com\/en\/team\/kennethweissberg\/\">Kenneth Weissberg<\/a><\/h4><span class=\"team-positions\"> - <span>Partner<\/span><\/span>\r\n                            <\/div>\r\n                            <div class=\"team_info\">\r\n                                <div class=\"team_desc\"><span>3 rue de Monttessuy 75007 PARIS<\/span><\/div>\r\n                                <div class=\"team_icons_wrapper\"><div class=\"team-links\"><div class=\"team-member-phones\"><span class=\"phone-number\">+ 33 1 47 20 99 70<\/span><\/div><a href=\"mailto:kenneth.weissberg@weissbergavocats.com\" class=\"team-link\" title=\"kenneth.weissberg@weissbergavocats.com\">E-mail<\/a><a href=\"\/en\/weissbergavocats.com\/\" class=\"team-link\" title=\"weissbergavocats.com\">Website<\/a><\/div>\r\n                                <\/div>\r\n                            <\/div>\r\n                        <\/div>\r\n                    <\/div>\r\n                <\/div>\r\n            <\/li>\r\n            \r\n            <li class=\"item-team-member bank-financial car-accident corporate dispute-resolution family-law personal-injury\" >\r\n                <div class=\"item_wrapper\">\r\n                    <div class=\"item\">\r\n                        <div class=\"team_img featured_img\">\r\n                            <a href=\"https:\/\/www.weissbergavocats.com\/en\/team\/juan-rodriguez-of-counsel\/\"><img decoding=\"async\"  src=\"https:\/\/www.weissbergavocats.com\/wp-content\/uploads\/2017\/01\/C-Juan-586x586.jpg\" alt=\"Juan Rodriguez\" \/><\/a>\r\n                        <\/div>\r\n                        <a href=\"https:\/\/www.weissbergavocats.com\/en\/team\/juan-rodriguez-of-counsel\/\"><div class=\"team_cover\"><\/div><\/a>\r\n                        <div class=\"team-infobox\">\r\n                            <div class=\"team_title\">\r\n                                <h4><a href=\"https:\/\/www.weissbergavocats.com\/en\/team\/juan-rodriguez-of-counsel\/\">Juan Rodriguez<\/a><\/h4><span class=\"team-positions\"> - <span>Of-counsel<\/span><\/span>\r\n                            <\/div>\r\n                            <div class=\"team_info\">\r\n                                <div class=\"team_desc\"><span>121 Alhambra Plaza, suite 1000 - Coral Gables, FL 33134<\/span><\/div>\r\n                                <div class=\"team_icons_wrapper\"><div class=\"team-links\"><div class=\"team-member-phones\"><span class=\"phone-number\">305-372-7474<\/span><\/div><a href=\"mailto:miami@weissbergavocats.com\" class=\"team-link\" title=\"miami@weissbergavocats.com\">E-mail<\/a><\/div>\r\n                                <\/div>\r\n                            <\/div>\r\n                        <\/div>\r\n                    <\/div>\r\n                <\/div>\r\n            <\/li>\r\n            \r\n            <li class=\"item-team-member bank-financial car-accident corporate dispute-resolution family-law personal-injury\" >\r\n                <div class=\"item_wrapper\">\r\n                    <div class=\"item\">\r\n                        <div class=\"team_img featured_img\">\r\n                            <a href=\"https:\/\/www.weissbergavocats.com\/en\/team\/frederic-allali-of-counsel\/\"><img decoding=\"async\"  src=\"https:\/\/www.weissbergavocats.com\/wp-content\/uploads\/2019\/11\/C-Allali-586x586.jpg\" alt=\"Fr\u00e9d\u00e9ric Allali\" \/><\/a>\r\n                        <\/div>\r\n                        <a href=\"https:\/\/www.weissbergavocats.com\/en\/team\/frederic-allali-of-counsel\/\"><div class=\"team_cover\"><\/div><\/a>\r\n                        <div class=\"team-infobox\">\r\n                            <div class=\"team_title\">\r\n                                <h4><a href=\"https:\/\/www.weissbergavocats.com\/en\/team\/frederic-allali-of-counsel\/\">Fr\u00e9d\u00e9ric Allali<\/a><\/h4><span class=\"team-positions\"> - <span>Of-counsel<\/span><\/span>\r\n                            <\/div>\r\n                            <div class=\"team_info\">\r\n                                <div class=\"team_desc\"><span>666 rue Sherbrooke O., Montr\u00e9al, QC H3A 1E7<\/span><\/div>\r\n                                <div class=\"team_icons_wrapper\"><div class=\"team-links\"><div class=\"team-member-phones\"><span class=\"phone-number\">514-281-6600<\/span><\/div><a href=\"mailto:montreal@weissbergavocats.com\" class=\"team-link\" title=\"montreal@weissbergavocats.com\">E-mail<\/a><\/div>\r\n                                <\/div>\r\n                            <\/div>\r\n                        <\/div>\r\n                    <\/div>\r\n                <\/div>\r\n            <\/li>\r\n            \r\n            <li class=\"item-team-member bank-financial car-accident corporate dispute-resolution family-law personal-injury\" >\r\n                <div class=\"item_wrapper\">\r\n                    <div class=\"item\">\r\n                        <div class=\"team_img featured_img\">\r\n                            <a href=\"https:\/\/www.weissbergavocats.com\/en\/team\/nicolas-flachet\/\"><img decoding=\"async\"  src=\"https:\/\/www.weissbergavocats.com\/wp-content\/uploads\/2026\/01\/Nicolas_Flachet-586x586.png\" alt=\"Nicolas Flachet\" \/><\/a>\r\n                        <\/div>\r\n                        <a href=\"https:\/\/www.weissbergavocats.com\/en\/team\/nicolas-flachet\/\"><div class=\"team_cover\"><\/div><\/a>\r\n                        <div class=\"team-infobox\">\r\n                            <div class=\"team_title\">\r\n                                <h4><a href=\"https:\/\/www.weissbergavocats.com\/en\/team\/nicolas-flachet\/\">Nicolas Flachet<\/a><\/h4><span class=\"team-positions\"> - <span>Of-counsel<\/span><\/span>\r\n                            <\/div>\r\n                            <div class=\"team_info\">\r\n                                <div class=\"team_desc\"><\/div>\r\n                                <div class=\"team_icons_wrapper\"><div class=\"team-links\"><div class=\"team-member-phones\"><span class=\"phone-number\">+ 33 (1) 40 13 96 25<\/span><\/div><\/div>\r\n                                <\/div>\r\n                            <\/div>\r\n                        <\/div>\r\n                    <\/div>\r\n                <\/div>\r\n            <\/li>\r\n            \r\n            <li class=\"item-team-member bank-financial car-accident corporate dispute-resolution family-law personal-injury\" >\r\n                <div class=\"item_wrapper\">\r\n                    <div class=\"item\">\r\n                        <div class=\"team_img featured_img\">\r\n                            <a href=\"https:\/\/www.weissbergavocats.com\/en\/team\/selin-goker\/\"><img decoding=\"async\"  src=\"https:\/\/www.weissbergavocats.com\/wp-content\/uploads\/2026\/02\/PH-Selin-e1772010161647-586x586.jpg\" alt=\"Selin G\u00f6ker\" \/><\/a>\r\n                        <\/div>\r\n                        <a href=\"https:\/\/www.weissbergavocats.com\/en\/team\/selin-goker\/\"><div class=\"team_cover\"><\/div><\/a>\r\n                        <div class=\"team-infobox\">\r\n                            <div class=\"team_title\">\r\n                                <h4><a href=\"https:\/\/www.weissbergavocats.com\/en\/team\/selin-goker\/\">Selin G\u00f6ker<\/a><\/h4><span class=\"team-positions\"> - <span>Associate<\/span><\/span>\r\n                            <\/div>\r\n                            <div class=\"team_info\">\r\n                                <div class=\"team_desc\"><span>3 rue de Monttessuy 75007 PARIS<\/span><\/div>\r\n                                <div class=\"team_icons_wrapper\"><div class=\"team-links\"><div class=\"team-member-phones\"><span class=\"phone-number\">+ 33 (1) 47 20 99 70<\/span><\/div><\/div>\r\n                                <\/div>\r\n                            <\/div>\r\n                        <\/div>\r\n                    <\/div>\r\n                <\/div>\r\n            <\/li>\r\n            \t            <\/ul>\r\n\t            <div class=\"clear\"><\/div>\r\n\t        <\/div>\r\n    \t<\/div>\r\n    <\/div>\r\n<\/div><div class=\"vc_empty_space\"   style=\"height: 50px\"><span class=\"vc_empty_space_inner\"><\/span><\/div>\n\t<div class=\"wpb_text_column wpb_content_element  wpb_animate_when_almost_visible wpb_fadeInUp fadeInUp\" id=\"titres\">\n\t\t<div class=\"wpb_wrapper\">\n\t\t\t<p>Our philosophy<\/p>\n\n\t\t<\/div>\n\t<\/div>\n<div class=\"vc_empty_space\"   style=\"height: 36px\"><span class=\"vc_empty_space_inner\"><\/span><\/div>\n\t<div class=\"wpb_text_column wpb_content_element  wpb_animate_when_almost_visible wpb_fadeInUp fadeInUp\" >\n\t\t<div class=\"wpb_wrapper\">\n\t\t\t<div class=\"wpb_text_column wpb_content_element\">\n<div class=\"wpb_wrapper\">\n<div align=\"&quot;justify\">\n<p id=\"philo\" class=\"content_index_texte\"><span style=\"color: #000000;\">Above and beyond the ethical principles that govern the profession of lawyer, we firmly believe in the following principles:<\/span><\/p>\n<ol>\n<li><span style=\"color: #000000;\">Efficiency and success in handling cases require close cooperation between a lawyer and his client. This implies, on both sides, high availability and perfect information. It is therefore our rule to select the cases and to invest ourselves completely in them. Each lawyer entrusted with a case treats it personally with the assistance of the whole firm, but under direct and permanent control.<\/span><\/li>\n<li><span style=\"color: #000000;\">Business must be conducted energetically, at a pace that allows our customers to confidently predict the outcome of the case and organize themselves accordingly. We consider that our services bring real added value to the business entrusted to us and we strive to process it without delay.<\/span><\/li>\n<li><span style=\"color: #000000;\">We charge reasonable fees and no surprises, based on an hourly rate that takes into account:<\/span><br \/>\n<span style=\"color: #000000;\">- the experience and qualification of the lawyer,<\/span><br \/>\n<span style=\"color: #000000;\">- the complexity and importance of the files,<\/span><br \/>\n<span style=\"color: #000000;\">- the values at stake and the results obtained.<\/span><\/li>\n<\/ol>\n<p><span style=\"color: #000000;\">With this in mind, each client can obtain a provisional budget, corresponding to the possible fees and the foreseeable costs and fees.<\/span><\/p>\n<\/div>\n<\/div>\n<\/div>\n\n\t\t<\/div>\n\t<\/div>\n<div class=\"vc_empty_space\"   style=\"height: 50px\"><span class=\"vc_empty_space_inner\"><\/span><\/div>\n\t<div class=\"wpb_text_column wpb_content_element  wpb_animate_when_almost_visible wpb_fadeInUp fadeInUp\" id=\"titres\">\n\t\t<div class=\"wpb_wrapper\">\n\t\t\t<p>Our strengths<\/p>\n\n\t\t<\/div>\n\t<\/div>\n<div class=\"vc_empty_space\"   style=\"height: 50px\"><span class=\"vc_empty_space_inner\"><\/span><\/div><div class=\"gt3_services_box to-bottom  wpb_animate_when_almost_visible wpb_fadeIn fadeIn\">\r\n\t\t<div class=\"gt3_services_img_bg services_box-front\" style=\"background-color: #ffffff; background-image: url(https:\/\/www.weissbergavocats.com\/wp-content\/uploads\/2020\/05\/efficacite.jpg); \">\r\n\t\t\t\t<\/div>\r\n\t\t<div class=\"gt3_services_box_content services_box-back\" style=\"min-height: 25px; background-color: #ffffff; color: #000000; font-size: 25px; line-height: 39px; \"><div class=\"text_wrap\"><strong>EFFICIENCY<\/strong><\/div><div class=\"fake_space\"><\/div><\/div>\r\n\t\t<a class=\"gt3_services_box_link\" href=\"#\"  >View More<\/a>\r\n\t<\/div><div class=\"gt3_services_box to-bottom  wpb_animate_when_almost_visible wpb_fadeIn fadeIn\">\r\n\t\t<div class=\"gt3_services_img_bg services_box-front\" style=\"background-color: #ffffff; background-image: url(https:\/\/www.weissbergavocats.com\/wp-content\/uploads\/2020\/02\/original-e1581792122369.png); \">\r\n\t\t\t\t<\/div>\r\n\t\t<div class=\"gt3_services_box_content services_box-back\" style=\"min-height: 25px; background-color: #ffffff; color: #000000; font-size: 25px; line-height: 39px; \"><div class=\"text_wrap\"><strong>LISTENING<\/strong><\/div><div class=\"fake_space\"><\/div><\/div>\r\n\t\t<a class=\"gt3_services_box_link\" href=\"#\"  >View More<\/a>\r\n\t<\/div><div class=\"gt3_services_box to-top  wpb_animate_when_almost_visible wpb_fadeIn fadeIn\">\r\n\t\t<div class=\"gt3_services_img_bg services_box-front\" style=\"background-color: #ffffff; background-image: url(https:\/\/www.weissbergavocats.com\/wp-content\/uploads\/2020\/02\/torjus_3.jpg); \">\r\n\t\t\t\t<\/div>\r\n\t\t<div class=\"gt3_services_box_content services_box-back\" style=\"min-height: 25px; background-color: #ffffff; color: #000000; font-size: 25px; line-height: 39px; \"><div class=\"text_wrap\"><strong>PRAGMATISM<\/strong><\/div><div class=\"fake_space\"><\/div><\/div>\r\n\t\t<a class=\"gt3_services_box_link\" href=\"#\"  >View More<\/a>\r\n\t<\/div><div class=\"gt3_services_box to-top  wpb_animate_when_almost_visible wpb_fadeIn fadeIn\">\r\n\t\t<div class=\"gt3_services_img_bg services_box-front\" style=\"background-color: #ffffff; background-image: url(https:\/\/www.weissbergavocats.com\/wp-content\/uploads\/2020\/01\/creativity-e1580295841292.jpg); \">\r\n\t\t\t\t<\/div>\r\n\t\t<div class=\"gt3_services_box_content services_box-back\" style=\"min-height: 16px; background-color: #ffffff; color: #000000; font-size: 25px; line-height: 39px; \"><div class=\"text_wrap\"><strong>CREATIVITY<\/strong><\/div><div class=\"fake_space\"><\/div><\/div>\r\n\t\t<a class=\"gt3_services_box_link\" href=\"#\"  >View More<\/a>\r\n\t<\/div><div class=\"vc_empty_space\"   style=\"height: 100px\"><span class=\"vc_empty_space_inner\"><\/span><\/div><\/div><\/div><\/div><\/div><\/div><\/div>","protected":false},"excerpt":{"rendered":"<p>Lawyers at your service and by your side for all your international and transnational projects or procedures.<\/p>","protected":false},"author":1,"featured_media":0,"parent":0,"menu_order":0,"comment_status":"closed","ping_status":"closed","template":"","meta":{"_exactmetrics_skip_tracking":false,"_exactmetrics_sitenote_active":false,"_exactmetrics_sitenote_note":"","_exactmetrics_sitenote_category":0,"footnotes":""},"class_list":["post-1339","page","type-page","status-publish","hentry"],"yoast_head":"<!-- This site is optimized with the Yoast SEO plugin v27.5 - https:\/\/yoast.com\/product\/yoast-seo-wordpress\/ -->\n<title>Avocats Strat\u00e9gie Solutions Internationales | Weissberg Law Firm<\/title>\n<meta name=\"description\" content=\"Avocats Strat\u00e9gie Solutions Internationales : Weissberg law firm is an established international law firm with offices in Paris, Montr\u00e9al, and Miami and New York state.\" \/>\n<meta name=\"robots\" content=\"index, follow, max-snippet:-1, max-image-preview:large, max-video-preview:-1\" \/>\n<link rel=\"canonical\" href=\"https:\/\/www.weissbergavocats.com\/en\/\" \/>\n<meta property=\"og:locale\" content=\"en_US\" \/>\n<meta property=\"og:type\" content=\"article\" \/>\n<meta property=\"og:title\" content=\"Avocats Strat\u00e9gie Solutions Internationales | Weissberg Law Firm\" \/>\n<meta property=\"og:description\" content=\"Avocats Strat\u00e9gie Solutions Internationales : Weissberg law firm is an established international law firm with offices in Paris, Montr\u00e9al, and Miami and New York state.\" \/>\n<meta property=\"og:url\" content=\"https:\/\/www.weissbergavocats.com\/en\/\" \/>\n<meta property=\"og:site_name\" content=\"Weissberg Law Firm |\u00a0Weissberg Avocats\" \/>\n<meta property=\"article:publisher\" content=\"https:\/\/www.facebook.com\/SelarlWeissberg\" \/>\n<meta property=\"article:modified_time\" content=\"2026-01-13T15:12:48+00:00\" \/>\n<meta property=\"og:image\" content=\"https:\/\/www.weissbergavocats.com\/wp-content\/uploads\/2020\/05\/Logo_Weissberg_law_firm.png\" \/>\n\t<meta property=\"og:image:width\" content=\"300\" \/>\n\t<meta property=\"og:image:height\" content=\"300\" \/>\n\t<meta property=\"og:image:type\" content=\"image\/png\" \/>\n<meta name=\"twitter:card\" content=\"summary_large_image\" \/>\n<meta name=\"twitter:label1\" content=\"Est. reading time\" \/>\n\t<meta name=\"twitter:data1\" content=\"3 minutes\" \/>\n<!-- \/ Yoast SEO plugin. -->","yoast_head_json":{"title":"Avocats Strat\u00e9gie Solutions Internationales | Weissberg Law Firm","description":"Avocats Strat\u00e9gie Solutions Internationales : Weissberg law firm is an established international law firm with offices in Paris, Montr\u00e9al, and Miami and New York state.","robots":{"index":"index","follow":"follow","max-snippet":"max-snippet:-1","max-image-preview":"max-image-preview:large","max-video-preview":"max-video-preview:-1"},"canonical":"https:\/\/www.weissbergavocats.com\/en\/","og_locale":"en_US","og_type":"article","og_title":"Avocats Strat\u00e9gie Solutions Internationales | Weissberg Law Firm","og_description":"Avocats Strat\u00e9gie Solutions Internationales : Weissberg law firm is an established international law firm with offices in Paris, Montr\u00e9al, and Miami and New York state.","og_url":"https:\/\/www.weissbergavocats.com\/en\/","og_site_name":"Weissberg Law Firm |\u00a0Weissberg Avocats","article_publisher":"https:\/\/www.facebook.com\/SelarlWeissberg","article_modified_time":"2026-01-13T15:12:48+00:00","og_image":[{"width":300,"height":300,"url":"https:\/\/www.weissbergavocats.com\/wp-content\/uploads\/2020\/05\/Logo_Weissberg_law_firm.png","type":"image\/png"}],"twitter_card":"summary_large_image","twitter_misc":{"Est. reading time":"3 minutes"},"schema":{"@context":"https:\/\/schema.org","@graph":[{"@type":"WebPage","@id":"https:\/\/www.weissbergavocats.com\/","url":"https:\/\/www.weissbergavocats.com\/","name":"Avocats Strat\u00e9gie Solutions Internationales | Weissberg Law Firm","isPartOf":{"@id":"https:\/\/www.weissbergavocats.com\/en\/#website"},"datePublished":"2017-04-11T12:51:58+00:00","dateModified":"2026-01-13T15:12:48+00:00","description":"Avocats Strat\u00e9gie Solutions Internationales : Weissberg law firm is an established international law firm with offices in Paris, Montr\u00e9al, and Miami and New York state.","breadcrumb":{"@id":"https:\/\/www.weissbergavocats.com\/#breadcrumb"},"inLanguage":"en-US","potentialAction":[{"@type":"ReadAction","target":["https:\/\/www.weissbergavocats.com\/"]}]},{"@type":"BreadcrumbList","@id":"https:\/\/www.weissbergavocats.com\/#breadcrumb","itemListElement":[{"@type":"ListItem","position":1,"name":"Accueil","item":"https:\/\/www.weissbergavocats.com\/"},{"@type":"ListItem","position":2,"name":"Accueil"}]},{"@type":"WebSite","@id":"https:\/\/www.weissbergavocats.com\/en\/#website","url":"https:\/\/www.weissbergavocats.com\/en\/","name":"Weissberg Law Firm | Weissberg Lawyers","description":"Cross-border attorneys | Des avocats \u00e0 votre \u00e9coute","publisher":{"@id":"https:\/\/www.weissbergavocats.com\/en\/#organization"},"potentialAction":[{"@type":"SearchAction","target":{"@type":"EntryPoint","urlTemplate":"https:\/\/www.weissbergavocats.com\/en\/?s={search_term_string}"},"query-input":{"@type":"PropertyValueSpecification","valueRequired":true,"valueName":"search_term_string"}}],"inLanguage":"en-US"},{"@type":"Organization","@id":"https:\/\/www.weissbergavocats.com\/en\/#organization","name":"Weissberg Law Firm | Weissberg Lawyers","url":"https:\/\/www.weissbergavocats.com\/en\/","logo":{"@type":"ImageObject","inLanguage":"en-US","@id":"https:\/\/www.weissbergavocats.com\/en\/#\/schema\/logo\/image\/","url":"https:\/\/www.weissbergavocats.com\/wp-content\/uploads\/2020\/05\/Logo_Weissberg_law_firm.png","contentUrl":"https:\/\/www.weissbergavocats.com\/wp-content\/uploads\/2020\/05\/Logo_Weissberg_law_firm.png","width":300,"height":300,"caption":"Weissberg Law Firm |\u00a0Weissberg Avocats"},"image":{"@id":"https:\/\/www.weissbergavocats.com\/en\/#\/schema\/logo\/image\/"},"sameAs":["https:\/\/www.facebook.com\/SelarlWeissberg","https:\/\/www.linkedin.com\/in\/audrey-weissberg-6a49171\/"]}]}},"_links":{"self":[{"href":"https:\/\/www.weissbergavocats.com\/en\/wp-json\/wp\/v2\/pages\/1339","targetHints":{"allow":["GET"]}}],"collection":[{"href":"https:\/\/www.weissbergavocats.com\/en\/wp-json\/wp\/v2\/pages"}],"about":[{"href":"https:\/\/www.weissbergavocats.com\/en\/wp-json\/wp\/v2\/types\/page"}],"author":[{"embeddable":true,"href":"https:\/\/www.weissbergavocats.com\/en\/wp-json\/wp\/v2\/users\/1"}],"replies":[{"embeddable":true,"href":"https:\/\/www.weissbergavocats.com\/en\/wp-json\/wp\/v2\/comments?post=1339"}],"version-history":[{"count":299,"href":"https:\/\/www.weissbergavocats.com\/en\/wp-json\/wp\/v2\/pages\/1339\/revisions"}],"predecessor-version":[{"id":6618,"href":"https:\/\/www.weissbergavocats.com\/en\/wp-json\/wp\/v2\/pages\/1339\/revisions\/6618"}],"wp:attachment":[{"href":"https:\/\/www.weissbergavocats.com\/en\/wp-json\/wp\/v2\/media?parent=1339"}],"curies":[{"name":"wp","href":"https:\/\/api.w.org\/{rel}","templated":true}]}}