{"id":230,"date":"2017-01-13T10:17:47","date_gmt":"2017-01-13T10:17:47","guid":{"rendered":"http:\/\/gt3demo.com\/wp\/wizelaw\/?page_id=230"},"modified":"2026-01-19T08:55:12","modified_gmt":"2026-01-19T07:55:12","slug":"our-team-avocats-et-consultants","status":"publish","type":"page","link":"https:\/\/www.weissbergavocats.com\/en\/our-team-avocats-et-consultants\/","title":{"rendered":"Our team"},"content":{"rendered":"<div class=\"pdfprnt-buttons pdfprnt-buttons-page pdfprnt-top-left\"><a href=\"https:\/\/www.weissbergavocats.com\/en\/wp-json\/wp\/v2\/pages\/230?print=print\" class=\"pdfprnt-button pdfprnt-button-print\" target=\"_blank\" ><img decoding=\"async\" src=\"https:\/\/www.weissbergavocats.com\/wp-content\/plugins\/pdf-print\/images\/print.png\" alt=\"image_print\" title=\"Print Content\" \/><\/a><\/div><div class=\"vc_custom_1582193909562\"><div class=\"container\"><div class=\"vc_row wpb_row vc_row-fluid  wpb_animate_when_almost_visible wpb_fadeInRight fadeInRight vc_row-has-fill vc_column-gap-30\"><div class=\"wpb_animate_when_almost_visible wpb_fadeInLeft fadeInLeft wpb_column vc_column_container vc_col-sm-12\"><div class=\"vc_column-inner vc_custom_1582193924395\"><div class=\"wpb_wrapper\">\n\t<div class=\"wpb_text_column wpb_content_element\" id=\"titres\">\n\t\t<div class=\"wpb_wrapper\">\n\t\t\t<p class=\"titres\">Our lawyers &amp; international of-counsels<\/p>\n\n\t\t<\/div>\n\t<\/div>\n<div class=\"vc_empty_space\"   style=\"height: 50px\"><span class=\"vc_empty_space_inner\"><\/span><\/div>\r\n<div class=\"vc_row\">\r\n    <div class=\"vc_col-sm-12 module_team\">\r\n        \t<div class=\"shortcode_team\">\r\n\t        <div class=\"items4\">\r\n\t        \t          <ul class=\"item_list\"  >\r\n\t         \t\t\r\n            <li class=\"item-team-member bank-financial car-accident corporate dispute-resolution family-law personal-injury\" >\r\n                <div class=\"item_wrapper\">\r\n                    <div class=\"item\">\r\n                        <div class=\"team_img featured_img\">\r\n                            <a href=\"https:\/\/www.weissbergavocats.com\/en\/team\/kennethweissberg\/\"><img decoding=\"async\"  src=\"https:\/\/www.weissbergavocats.com\/wp-content\/uploads\/2019\/11\/Kenneth-586x586.jpg\" alt=\"Kenneth Weissberg\" \/><\/a>\r\n                        <\/div>\r\n                        <a href=\"https:\/\/www.weissbergavocats.com\/en\/team\/kennethweissberg\/\"><div class=\"team_cover\"><\/div><\/a>\r\n                        <div class=\"team-infobox\">\r\n                            <div class=\"team_title\">\r\n                                <h4><a href=\"https:\/\/www.weissbergavocats.com\/en\/team\/kennethweissberg\/\">Kenneth Weissberg<\/a><\/h4><span class=\"team-positions\"> - <span>Partner<\/span><\/span>\r\n                            <\/div>\r\n                            <div class=\"team_info\">\r\n                                <div class=\"team_desc\"><span>3 rue de Monttessuy 75007 PARIS<\/span><\/div>\r\n                                <div class=\"team_icons_wrapper\"><div class=\"team-links\"><div class=\"team-member-phones\"><span class=\"phone-number\">+ 33 1 47 20 99 70<\/span><\/div><a href=\"mailto:kenneth.weissberg@weissbergavocats.com\" class=\"team-link\" title=\"kenneth.weissberg@weissbergavocats.com\">E-mail<\/a><a href=\"\/en\/weissbergavocats.com\/\" class=\"team-link\" title=\"weissbergavocats.com\">Website<\/a><\/div>\r\n                                <\/div>\r\n                            <\/div>\r\n                        <\/div>\r\n                    <\/div>\r\n                <\/div>\r\n            <\/li>\r\n            \r\n            <li class=\"item-team-member bank-financial car-accident corporate dispute-resolution family-law personal-injury\" >\r\n                <div class=\"item_wrapper\">\r\n                    <div class=\"item\">\r\n                        <div class=\"team_img featured_img\">\r\n                            <a href=\"https:\/\/www.weissbergavocats.com\/en\/team\/juan-rodriguez-of-counsel\/\"><img decoding=\"async\"  src=\"https:\/\/www.weissbergavocats.com\/wp-content\/uploads\/2017\/01\/C-Juan-586x586.jpg\" alt=\"Juan Rodriguez\" \/><\/a>\r\n                        <\/div>\r\n                        <a href=\"https:\/\/www.weissbergavocats.com\/en\/team\/juan-rodriguez-of-counsel\/\"><div class=\"team_cover\"><\/div><\/a>\r\n                        <div class=\"team-infobox\">\r\n                            <div class=\"team_title\">\r\n                                <h4><a href=\"https:\/\/www.weissbergavocats.com\/en\/team\/juan-rodriguez-of-counsel\/\">Juan Rodriguez<\/a><\/h4><span class=\"team-positions\"> - <span>Of-counsel<\/span><\/span>\r\n                            <\/div>\r\n                            <div class=\"team_info\">\r\n                                <div class=\"team_desc\"><span>121 Alhambra Plaza, suite 1000 - Coral Gables, FL 33134<\/span><\/div>\r\n                                <div class=\"team_icons_wrapper\"><div class=\"team-links\"><div class=\"team-member-phones\"><span class=\"phone-number\">305-372-7474<\/span><\/div><a href=\"mailto:miami@weissbergavocats.com\" class=\"team-link\" title=\"miami@weissbergavocats.com\">E-mail<\/a><\/div>\r\n                                <\/div>\r\n                            <\/div>\r\n                        <\/div>\r\n                    <\/div>\r\n                <\/div>\r\n            <\/li>\r\n            \r\n            <li class=\"item-team-member bank-financial car-accident corporate dispute-resolution family-law personal-injury\" >\r\n                <div class=\"item_wrapper\">\r\n                    <div class=\"item\">\r\n                        <div class=\"team_img featured_img\">\r\n                            <a href=\"https:\/\/www.weissbergavocats.com\/en\/team\/frederic-allali-of-counsel\/\"><img decoding=\"async\"  src=\"https:\/\/www.weissbergavocats.com\/wp-content\/uploads\/2019\/11\/C-Allali-586x586.jpg\" alt=\"Fr\u00e9d\u00e9ric Allali\" \/><\/a>\r\n                        <\/div>\r\n                        <a href=\"https:\/\/www.weissbergavocats.com\/en\/team\/frederic-allali-of-counsel\/\"><div class=\"team_cover\"><\/div><\/a>\r\n                        <div class=\"team-infobox\">\r\n                            <div class=\"team_title\">\r\n                                <h4><a href=\"https:\/\/www.weissbergavocats.com\/en\/team\/frederic-allali-of-counsel\/\">Fr\u00e9d\u00e9ric Allali<\/a><\/h4><span class=\"team-positions\"> - <span>Of-counsel<\/span><\/span>\r\n                            <\/div>\r\n                            <div class=\"team_info\">\r\n                                <div class=\"team_desc\"><span>666 rue Sherbrooke O., Montr\u00e9al, QC H3A 1E7<\/span><\/div>\r\n                                <div class=\"team_icons_wrapper\"><div class=\"team-links\"><div class=\"team-member-phones\"><span class=\"phone-number\">514-281-6600<\/span><\/div><a href=\"mailto:montreal@weissbergavocats.com\" class=\"team-link\" title=\"montreal@weissbergavocats.com\">E-mail<\/a><\/div>\r\n                                <\/div>\r\n                            <\/div>\r\n                        <\/div>\r\n                    <\/div>\r\n                <\/div>\r\n            <\/li>\r\n            \r\n            <li class=\"item-team-member bank-financial car-accident corporate dispute-resolution family-law personal-injury\" >\r\n                <div class=\"item_wrapper\">\r\n                    <div class=\"item\">\r\n                        <div class=\"team_img featured_img\">\r\n                            <a href=\"https:\/\/www.weissbergavocats.com\/en\/team\/nicolas-flachet\/\"><img decoding=\"async\"  src=\"https:\/\/www.weissbergavocats.com\/wp-content\/uploads\/2026\/01\/Nicolas_Flachet-586x586.png\" alt=\"Nicolas Flachet\" \/><\/a>\r\n                        <\/div>\r\n                        <a href=\"https:\/\/www.weissbergavocats.com\/en\/team\/nicolas-flachet\/\"><div class=\"team_cover\"><\/div><\/a>\r\n                        <div class=\"team-infobox\">\r\n                            <div class=\"team_title\">\r\n                                <h4><a href=\"https:\/\/www.weissbergavocats.com\/en\/team\/nicolas-flachet\/\">Nicolas Flachet<\/a><\/h4><span class=\"team-positions\"> - <span>Of-counsel<\/span><\/span>\r\n                            <\/div>\r\n                            <div class=\"team_info\">\r\n                                <div class=\"team_desc\"><\/div>\r\n                                <div class=\"team_icons_wrapper\"><div class=\"team-links\"><div class=\"team-member-phones\"><span class=\"phone-number\">+ 33 (1) 40 13 96 25<\/span><\/div><\/div>\r\n                                <\/div>\r\n                            <\/div>\r\n                        <\/div>\r\n                    <\/div>\r\n                <\/div>\r\n            <\/li>\r\n            \r\n            <li class=\"item-team-member bank-financial car-accident corporate dispute-resolution family-law personal-injury\" >\r\n                <div class=\"item_wrapper\">\r\n                    <div class=\"item\">\r\n                        <div class=\"team_img featured_img\">\r\n                            <a href=\"https:\/\/www.weissbergavocats.com\/en\/team\/selin-goker\/\"><img decoding=\"async\"  src=\"https:\/\/www.weissbergavocats.com\/wp-content\/uploads\/2026\/02\/PH-Selin-e1772010161647-586x586.jpg\" alt=\"Selin G\u00f6ker\" \/><\/a>\r\n                        <\/div>\r\n                        <a href=\"https:\/\/www.weissbergavocats.com\/en\/team\/selin-goker\/\"><div class=\"team_cover\"><\/div><\/a>\r\n                        <div class=\"team-infobox\">\r\n                            <div class=\"team_title\">\r\n                                <h4><a href=\"https:\/\/www.weissbergavocats.com\/en\/team\/selin-goker\/\">Selin G\u00f6ker<\/a><\/h4><span class=\"team-positions\"> - <span>Associate<\/span><\/span>\r\n                            <\/div>\r\n                            <div class=\"team_info\">\r\n                                <div class=\"team_desc\"><span>3 rue de Monttessuy 75007 PARIS<\/span><\/div>\r\n                                <div class=\"team_icons_wrapper\"><div class=\"team-links\"><div class=\"team-member-phones\"><span class=\"phone-number\">+ 33 (1) 47 20 99 70<\/span><\/div><\/div>\r\n                                <\/div>\r\n                            <\/div>\r\n                        <\/div>\r\n                    <\/div>\r\n                <\/div>\r\n            <\/li>\r\n            \t            <\/ul>\r\n\t            <div class=\"clear\"><\/div>\r\n\t        <\/div>\r\n    \t<\/div>\r\n    <\/div>\r\n<\/div><\/div><\/div><\/div><\/div><\/div><\/div>","protected":false},"excerpt":{"rendered":"Exp\u00e9rience professionnelle Ma\u00eetre Selin G\u00f6ker, avocate au Barreau de Paris, a rejoint l\u2019\u00e9quipe en 2024. Avant de rejoindre le cabinet, Selin a acquis de l'exp\u00e9rience au sein de cabinets sp\u00e9cialis\u00e9s en arbitrage et contentieux international, ainsi qu'au sein de la section financement de la direction juridique d'une banque internationale. Elle assiste aujourd'hui les avocats du [...]","protected":false},"author":1,"featured_media":0,"parent":0,"menu_order":0,"comment_status":"closed","ping_status":"closed","template":"","meta":{"_exactmetrics_skip_tracking":false,"_exactmetrics_sitenote_active":false,"_exactmetrics_sitenote_note":"","_exactmetrics_sitenote_category":0,"footnotes":""},"class_list":["post-230","page","type-page","status-publish","hentry"],"yoast_head":"<!-- This site is optimized with the Yoast SEO plugin v27.5 - https:\/\/yoast.com\/product\/yoast-seo-wordpress\/ -->\n<title>Our team Avocats et consultants | Weissberg Law Firm<\/title>\n<meta name=\"description\" content=\"Our team Avocats et consultants: Our presence in Europe, in North America, and in the Middle East, and our lawyers all endowed with a double legal culture, thus allows us to ensure a great efficiency in contentious and contractual transnational and international cases.\" \/>\n<meta name=\"robots\" content=\"index, follow, max-snippet:-1, max-image-preview:large, max-video-preview:-1\" \/>\n<link rel=\"canonical\" href=\"https:\/\/www.weissbergavocats.com\/en\/our-team-avocats-et-consultants\/\" \/>\n<meta property=\"og:locale\" content=\"en_US\" \/>\n<meta property=\"og:type\" content=\"article\" \/>\n<meta property=\"og:title\" content=\"Our team Avocats et consultants | Weissberg Law Firm\" \/>\n<meta property=\"og:description\" content=\"Our team Avocats et consultants: Our presence in Europe, in North America, and in the Middle East, and our lawyers all endowed with a double legal culture, thus allows us to ensure a great efficiency in contentious and contractual transnational and international cases.\" \/>\n<meta property=\"og:url\" content=\"https:\/\/www.weissbergavocats.com\/en\/our-team-avocats-et-consultants\/\" \/>\n<meta property=\"og:site_name\" content=\"Weissberg Law Firm |\u00a0Weissberg Avocats\" \/>\n<meta property=\"article:publisher\" content=\"https:\/\/www.facebook.com\/SelarlWeissberg\" \/>\n<meta property=\"article:modified_time\" content=\"2026-01-19T07:55:12+00:00\" \/>\n<meta property=\"og:image\" content=\"https:\/\/www.weissbergavocats.com\/wp-content\/uploads\/2020\/05\/Logo_Weissberg_law_firm.png\" \/>\n\t<meta property=\"og:image:width\" content=\"300\" \/>\n\t<meta property=\"og:image:height\" content=\"300\" \/>\n\t<meta property=\"og:image:type\" content=\"image\/png\" \/>\n<meta name=\"twitter:card\" content=\"summary_large_image\" \/>\n<meta name=\"twitter:label1\" content=\"Est. reading time\" \/>\n\t<meta name=\"twitter:data1\" content=\"1 minute\" \/>\n<!-- \/ Yoast SEO plugin. -->","yoast_head_json":{"title":"Our team Avocats et consultants | Weissberg Law Firm","description":"Our team Avocats et consultants: Our presence in Europe, in North America, and in the Middle East, and our lawyers all endowed with a double legal culture, thus allows us to ensure a great efficiency in contentious and contractual transnational and international cases.","robots":{"index":"index","follow":"follow","max-snippet":"max-snippet:-1","max-image-preview":"max-image-preview:large","max-video-preview":"max-video-preview:-1"},"canonical":"https:\/\/www.weissbergavocats.com\/en\/our-team-avocats-et-consultants\/","og_locale":"en_US","og_type":"article","og_title":"Our team Avocats et consultants | Weissberg Law Firm","og_description":"Our team Avocats et consultants: Our presence in Europe, in North America, and in the Middle East, and our lawyers all endowed with a double legal culture, thus allows us to ensure a great efficiency in contentious and contractual transnational and international cases.","og_url":"https:\/\/www.weissbergavocats.com\/en\/our-team-avocats-et-consultants\/","og_site_name":"Weissberg Law Firm |\u00a0Weissberg Avocats","article_publisher":"https:\/\/www.facebook.com\/SelarlWeissberg","article_modified_time":"2026-01-19T07:55:12+00:00","og_image":[{"width":300,"height":300,"url":"https:\/\/www.weissbergavocats.com\/wp-content\/uploads\/2020\/05\/Logo_Weissberg_law_firm.png","type":"image\/png"}],"twitter_card":"summary_large_image","twitter_misc":{"Est. reading time":"1 minute"},"schema":{"@context":"https:\/\/schema.org","@graph":[{"@type":"WebPage","@id":"https:\/\/www.weissbergavocats.com\/our-team-avocats-et-consultants\/","url":"https:\/\/www.weissbergavocats.com\/our-team-avocats-et-consultants\/","name":"Our team Avocats et consultants | Weissberg Law Firm","isPartOf":{"@id":"https:\/\/www.weissbergavocats.com\/en\/#website"},"datePublished":"2017-01-13T10:17:47+00:00","dateModified":"2026-01-19T07:55:12+00:00","description":"Our team Avocats et consultants: Our presence in Europe, in North America, and in the Middle East, and our lawyers all endowed with a double legal culture, thus allows us to ensure a great efficiency in contentious and contractual transnational and international cases.","breadcrumb":{"@id":"https:\/\/www.weissbergavocats.com\/our-team-avocats-et-consultants\/#breadcrumb"},"inLanguage":"en-US","potentialAction":[{"@type":"ReadAction","target":["https:\/\/www.weissbergavocats.com\/our-team-avocats-et-consultants\/"]}]},{"@type":"BreadcrumbList","@id":"https:\/\/www.weissbergavocats.com\/our-team-avocats-et-consultants\/#breadcrumb","itemListElement":[{"@type":"ListItem","position":1,"name":"Accueil","item":"https:\/\/www.weissbergavocats.com\/"},{"@type":"ListItem","position":2,"name":"Avocats et consultants"}]},{"@type":"WebSite","@id":"https:\/\/www.weissbergavocats.com\/en\/#website","url":"https:\/\/www.weissbergavocats.com\/en\/","name":"Weissberg Law Firm | Weissberg Lawyers","description":"Cross-border attorneys | Des avocats \u00e0 votre \u00e9coute","publisher":{"@id":"https:\/\/www.weissbergavocats.com\/en\/#organization"},"potentialAction":[{"@type":"SearchAction","target":{"@type":"EntryPoint","urlTemplate":"https:\/\/www.weissbergavocats.com\/en\/?s={search_term_string}"},"query-input":{"@type":"PropertyValueSpecification","valueRequired":true,"valueName":"search_term_string"}}],"inLanguage":"en-US"},{"@type":"Organization","@id":"https:\/\/www.weissbergavocats.com\/en\/#organization","name":"Weissberg Law Firm | Weissberg Lawyers","url":"https:\/\/www.weissbergavocats.com\/en\/","logo":{"@type":"ImageObject","inLanguage":"en-US","@id":"https:\/\/www.weissbergavocats.com\/en\/#\/schema\/logo\/image\/","url":"https:\/\/www.weissbergavocats.com\/wp-content\/uploads\/2020\/05\/Logo_Weissberg_law_firm.png","contentUrl":"https:\/\/www.weissbergavocats.com\/wp-content\/uploads\/2020\/05\/Logo_Weissberg_law_firm.png","width":300,"height":300,"caption":"Weissberg Law Firm |\u00a0Weissberg Avocats"},"image":{"@id":"https:\/\/www.weissbergavocats.com\/en\/#\/schema\/logo\/image\/"},"sameAs":["https:\/\/www.facebook.com\/SelarlWeissberg","https:\/\/www.linkedin.com\/in\/audrey-weissberg-6a49171\/"]}]}},"_links":{"self":[{"href":"https:\/\/www.weissbergavocats.com\/en\/wp-json\/wp\/v2\/pages\/230","targetHints":{"allow":["GET"]}}],"collection":[{"href":"https:\/\/www.weissbergavocats.com\/en\/wp-json\/wp\/v2\/pages"}],"about":[{"href":"https:\/\/www.weissbergavocats.com\/en\/wp-json\/wp\/v2\/types\/page"}],"author":[{"embeddable":true,"href":"https:\/\/www.weissbergavocats.com\/en\/wp-json\/wp\/v2\/users\/1"}],"replies":[{"embeddable":true,"href":"https:\/\/www.weissbergavocats.com\/en\/wp-json\/wp\/v2\/comments?post=230"}],"version-history":[{"count":87,"href":"https:\/\/www.weissbergavocats.com\/en\/wp-json\/wp\/v2\/pages\/230\/revisions"}],"predecessor-version":[{"id":6701,"href":"https:\/\/www.weissbergavocats.com\/en\/wp-json\/wp\/v2\/pages\/230\/revisions\/6701"}],"wp:attachment":[{"href":"https:\/\/www.weissbergavocats.com\/en\/wp-json\/wp\/v2\/media?parent=230"}],"curies":[{"name":"wp","href":"https:\/\/api.w.org\/{rel}","templated":true}]}}