{"id":6590,"date":"2025-12-16T09:35:21","date_gmt":"2025-12-16T08:35:21","guid":{"rendered":"https:\/\/www.weissbergavocats.com\/?page_id=6590"},"modified":"2026-01-13T17:20:48","modified_gmt":"2026-01-13T16:20:48","slug":"rayol-canadel","status":"publish","type":"page","link":"https:\/\/www.weissbergavocats.com\/en\/rayol-canadel\/","title":{"rendered":"Our real estates deals"},"content":{"rendered":"<div class=\"pdfprnt-buttons pdfprnt-buttons-page pdfprnt-top-left\"><a href=\"https:\/\/www.weissbergavocats.com\/en\/wp-json\/wp\/v2\/pages\/6590?print=print\" class=\"pdfprnt-button pdfprnt-button-print\" target=\"_blank\" ><img decoding=\"async\" src=\"https:\/\/www.weissbergavocats.com\/wp-content\/plugins\/pdf-print\/images\/print.png\" alt=\"image_print\" title=\"Print Content\" \/><\/a><\/div><div class=\"vc_custom_1765822255454\"><div class=\"container\"><div class=\"vc_row wpb_row vc_row-fluid vc_row-has-fill\"><div class=\"wpb_column vc_column_container vc_col-sm-8\"><div class=\"vc_column-inner vc_custom_1765822008036\"><div class=\"wpb_wrapper\"><div class=\"vc_empty_space\"   style=\"height: 50px\"><span class=\"vc_empty_space_inner\"><\/span><\/div>\n\t<div class=\"wpb_text_column wpb_content_element \" id=\"titres\">\n\t\t<div class=\"wpb_wrapper\">\n\t\t\t<div style=\"line-height: 25pt;\">Rayol Canadel<\/div>\n<div>(Provence)<\/div>\n\n\t\t<\/div>\n\t<\/div>\n<div class=\"vc_empty_space\"   style=\"height: 50px\"><span class=\"vc_empty_space_inner\"><\/span><\/div>\n\t<div class=\"wpb_text_column wpb_content_element \" >\n\t\t<div class=\"wpb_wrapper\">\n\t\t\t<p>Pour acc\u00e9der \u00e0 ce terrain de 32 338 m\u00b2, en arrivant au Canadel, il faut prendre la route de la M\u00f4le qui rejoint apr\u00e8s environ 3km de zigzag la route des Cr\u00e8tes. On acc\u00e8de au haut du terrain par une piste d\u2019incendie N\u00b024CCFM.<\/p>\n<p>On acc\u00e8de \u00e9galement au bas du terrain par un chemin parfeu trac\u00e9 en 1989.<\/p>\n<p>Ce terrain appartient \u00e0 un investisseur. Il a une surface de 32.338 m\u00b2, situ\u00e9 sur le territoire de la commune du Rayol-Canadel au lieudit \u00ab Foulade Haut \u00bb, figurant au cadastre sous le num\u00e9ro de parcelle 2590.<\/p>\n<p>Ce terrain figure au plan d\u2019occupation des sols de 1979 en zone foresti\u00e8re ND.<\/p>\n<p>Situ\u00e9 sur la colline que surplombe la plage du Canadel, il est mitoyen sur son versant ouest d\u2019une parcelle d\u2019\u00e9gale surface qui appartient aujourd\u2019hui \u00e0 l\u2019\u00e9tat et avec laquelle il jouit d\u2019un acc\u00e8s commun en servitude \u00e0 l\u2019extr\u00e9mit\u00e9 sud.<\/p>\n<p>En l\u2019\u00e9tat actuel du P.O.S, ce terrain est inconstructible. Il est plant\u00e9 de Ch\u00eanes Li\u00e8ges.<\/p>\n<p>Cependant, sa situation exceptionnelle sur une des rares collines du littoral intacte \u00e0 ce jour, permet d\u2019envisager qu\u2019il deviendra constructible \u00e0 l\u2019occasion d\u2019une modification du plan d\u2019occupation des sols (POS).<\/p>\n\n\t\t<\/div>\n\t<\/div>\n<div class=\"vc_empty_space\"   style=\"height: 50px\"><span class=\"vc_empty_space_inner\"><\/span><\/div><\/div><\/div><\/div><div class=\"wpb_column vc_column_container vc_col-sm-4\"><div class=\"vc_column-inner\"><div class=\"wpb_wrapper\"><div class=\"wpb_gmaps_widget wpb_content_element\"><div class=\"wpb_wrapper\"><div class=\"wpb_map_wraper\"><iframe src=\"https:\/\/www.google.com\/maps\/embed?pb=!1m18!1m12!1m3!1d23280.430913735872!2d6.453800950111634!3d43.1663935022613!2m3!1f0!2f0!3f0!3m2!1i1024!2i768!4f13.1!3m3!1m2!1s0x12cecdc1c2d4b409%3A0x40819a5fd8fc740!2sRayol-Canadel-sur-Mer!5e0!3m2!1sfr!2sfr!4v1768319940633!5m2!1sfr!2sfr\" width=200\" height=\"450\" style=\"border:0;\" allowfullscreen=\"\" loading=\"lazy\" referrerpolicy=\"no-referrer-when-downgrade\"><\/iframe><\/div><\/div><\/div><\/div><\/div><\/div><\/div><\/div><\/div><div class=\"vc_custom_1765822285478\"><div class=\"container\"><div class=\"vc_row wpb_row vc_row-fluid vc_row-has-fill\"><div class=\"wpb_column vc_column_container vc_col-sm-12\"><div class=\"vc_column-inner\"><div class=\"wpb_wrapper\"><div class=\"wpb_gallery wpb_content_element vc_clearfix wpb_animate_when_almost_visible wpb_fadeIn fadeIn\" ><div class=\"wpb_wrapper\"><div class=\"wpb_gallery_slides wpb_flexslider flexslider_slide flexslider\" data-interval=\"0\" data-flex_fx=\"slide\"><ul class=\"slides\"><li><a class=\"\" href=\"https:\/\/www.weissbergavocats.com\/wp-content\/uploads\/2026\/01\/0.jpg\" data-lightbox=\"lightbox[rel-6590-1981088769]\"><img loading=\"lazy\" decoding=\"async\" width=\"1653\" height=\"2338\" src=\"https:\/\/www.weissbergavocats.com\/wp-content\/uploads\/2026\/01\/0.jpg\" class=\"attachment-full\" alt=\"\" title=\"0\" srcset=\"https:\/\/www.weissbergavocats.com\/wp-content\/uploads\/2026\/01\/0.jpg 1653w, https:\/\/www.weissbergavocats.com\/wp-content\/uploads\/2026\/01\/0-1086x1536.jpg 1086w, https:\/\/www.weissbergavocats.com\/wp-content\/uploads\/2026\/01\/0-1448x2048.jpg 1448w, https:\/\/www.weissbergavocats.com\/wp-content\/uploads\/2026\/01\/0-8x12.jpg 8w, https:\/\/www.weissbergavocats.com\/wp-content\/uploads\/2026\/01\/0-212x300.jpg 212w\" sizes=\"auto, (max-width: 1653px) 100vw, 1653px\" \/><\/a><\/li><li><a class=\"\" href=\"https:\/\/www.weissbergavocats.com\/wp-content\/uploads\/2026\/01\/1.jpg\" data-lightbox=\"lightbox[rel-6590-1981088769]\"><img loading=\"lazy\" decoding=\"async\" width=\"1653\" height=\"2338\" src=\"https:\/\/www.weissbergavocats.com\/wp-content\/uploads\/2026\/01\/1.jpg\" class=\"attachment-full\" alt=\"\" title=\"1\" srcset=\"https:\/\/www.weissbergavocats.com\/wp-content\/uploads\/2026\/01\/1.jpg 1653w, https:\/\/www.weissbergavocats.com\/wp-content\/uploads\/2026\/01\/1-1086x1536.jpg 1086w, https:\/\/www.weissbergavocats.com\/wp-content\/uploads\/2026\/01\/1-1448x2048.jpg 1448w, https:\/\/www.weissbergavocats.com\/wp-content\/uploads\/2026\/01\/1-8x12.jpg 8w, https:\/\/www.weissbergavocats.com\/wp-content\/uploads\/2026\/01\/1-212x300.jpg 212w\" sizes=\"auto, (max-width: 1653px) 100vw, 1653px\" \/><\/a><\/li><li><a class=\"\" href=\"https:\/\/www.weissbergavocats.com\/wp-content\/uploads\/2026\/01\/2.jpg\" data-lightbox=\"lightbox[rel-6590-1981088769]\"><img loading=\"lazy\" decoding=\"async\" width=\"1653\" height=\"2338\" src=\"https:\/\/www.weissbergavocats.com\/wp-content\/uploads\/2026\/01\/2.jpg\" class=\"attachment-full\" alt=\"\" title=\"2\" srcset=\"https:\/\/www.weissbergavocats.com\/wp-content\/uploads\/2026\/01\/2.jpg 1653w, https:\/\/www.weissbergavocats.com\/wp-content\/uploads\/2026\/01\/2-1086x1536.jpg 1086w, https:\/\/www.weissbergavocats.com\/wp-content\/uploads\/2026\/01\/2-1448x2048.jpg 1448w, https:\/\/www.weissbergavocats.com\/wp-content\/uploads\/2026\/01\/2-8x12.jpg 8w, https:\/\/www.weissbergavocats.com\/wp-content\/uploads\/2026\/01\/2-212x300.jpg 212w\" sizes=\"auto, (max-width: 1653px) 100vw, 1653px\" \/><\/a><\/li><\/ul><\/div><\/div><\/div><\/div><\/div><\/div><\/div><\/div><\/div>\n","protected":false},"excerpt":{"rendered":"Rayol Canadel (Provence) Pour acc\u00e9der \u00e0 ce terrain de 32 338 m\u00b2, en arrivant au Canadel, il faut prendre la route de la M\u00f4le qui rejoint apr\u00e8s environ 3km de zigzag la route des Cr\u00e8tes. On acc\u00e8de au haut du terrain par une piste d\u2019incendie N\u00b024CCFM. On acc\u00e8de \u00e9galement au bas du terrain par un [...]","protected":false},"author":1,"featured_media":0,"parent":0,"menu_order":0,"comment_status":"closed","ping_status":"closed","template":"","meta":{"_exactmetrics_skip_tracking":false,"_exactmetrics_sitenote_active":false,"_exactmetrics_sitenote_note":"","_exactmetrics_sitenote_category":0,"footnotes":""},"class_list":["post-6590","page","type-page","status-publish","hentry"],"yoast_head":"<!-- This site is optimized with the Yoast SEO plugin v27.5 - https:\/\/yoast.com\/product\/yoast-seo-wordpress\/ -->\n<title>Nos mandats immobiliers - Weissberg Law Firm |\u00a0Weissberg Avocats<\/title>\n<meta name=\"robots\" content=\"index, follow, max-snippet:-1, max-image-preview:large, max-video-preview:-1\" \/>\n<link rel=\"canonical\" href=\"https:\/\/www.weissbergavocats.com\/en\/rayol-canadel\/\" \/>\n<meta property=\"og:locale\" content=\"en_US\" \/>\n<meta property=\"og:type\" content=\"article\" \/>\n<meta property=\"og:title\" content=\"Nos mandats immobiliers - Weissberg Law Firm |\u00a0Weissberg Avocats\" \/>\n<meta property=\"og:url\" content=\"https:\/\/www.weissbergavocats.com\/en\/rayol-canadel\/\" \/>\n<meta property=\"og:site_name\" content=\"Weissberg Law Firm |\u00a0Weissberg Avocats\" \/>\n<meta property=\"article:publisher\" content=\"https:\/\/www.facebook.com\/SelarlWeissberg\" \/>\n<meta property=\"article:modified_time\" content=\"2026-01-13T16:20:48+00:00\" \/>\n<meta property=\"og:image\" content=\"https:\/\/www.weissbergavocats.com\/wp-content\/uploads\/2020\/05\/Logo_Weissberg_law_firm.png\" \/>\n\t<meta property=\"og:image:width\" content=\"300\" \/>\n\t<meta property=\"og:image:height\" content=\"300\" \/>\n\t<meta property=\"og:image:type\" content=\"image\/png\" \/>\n<meta name=\"twitter:card\" content=\"summary_large_image\" \/>\n<meta name=\"twitter:label1\" content=\"Est. reading time\" \/>\n\t<meta name=\"twitter:data1\" content=\"2 minutes\" \/>\n<!-- \/ Yoast SEO plugin. -->","yoast_head_json":{"title":"Nos mandats immobiliers - Weissberg Law Firm |\u00a0Weissberg Avocats","robots":{"index":"index","follow":"follow","max-snippet":"max-snippet:-1","max-image-preview":"max-image-preview:large","max-video-preview":"max-video-preview:-1"},"canonical":"https:\/\/www.weissbergavocats.com\/en\/rayol-canadel\/","og_locale":"en_US","og_type":"article","og_title":"Nos mandats immobiliers - Weissberg Law Firm |\u00a0Weissberg Avocats","og_url":"https:\/\/www.weissbergavocats.com\/en\/rayol-canadel\/","og_site_name":"Weissberg Law Firm |\u00a0Weissberg Avocats","article_publisher":"https:\/\/www.facebook.com\/SelarlWeissberg","article_modified_time":"2026-01-13T16:20:48+00:00","og_image":[{"width":300,"height":300,"url":"https:\/\/www.weissbergavocats.com\/wp-content\/uploads\/2020\/05\/Logo_Weissberg_law_firm.png","type":"image\/png"}],"twitter_card":"summary_large_image","twitter_misc":{"Est. reading time":"2 minutes"},"schema":{"@context":"https:\/\/schema.org","@graph":[{"@type":"WebPage","@id":"https:\/\/www.weissbergavocats.com\/rayol-canadel\/","url":"https:\/\/www.weissbergavocats.com\/rayol-canadel\/","name":"Nos mandats immobiliers - Weissberg Law Firm |\u00a0Weissberg Avocats","isPartOf":{"@id":"https:\/\/www.weissbergavocats.com\/en\/#website"},"datePublished":"2025-12-16T08:35:21+00:00","dateModified":"2026-01-13T16:20:48+00:00","breadcrumb":{"@id":"https:\/\/www.weissbergavocats.com\/rayol-canadel\/#breadcrumb"},"inLanguage":"en-US","potentialAction":[{"@type":"ReadAction","target":["https:\/\/www.weissbergavocats.com\/rayol-canadel\/"]}]},{"@type":"BreadcrumbList","@id":"https:\/\/www.weissbergavocats.com\/rayol-canadel\/#breadcrumb","itemListElement":[{"@type":"ListItem","position":1,"name":"Accueil","item":"https:\/\/www.weissbergavocats.com\/"},{"@type":"ListItem","position":2,"name":"Nos mandats immobiliers"}]},{"@type":"WebSite","@id":"https:\/\/www.weissbergavocats.com\/en\/#website","url":"https:\/\/www.weissbergavocats.com\/en\/","name":"Weissberg Law Firm | Weissberg Lawyers","description":"Cross-border attorneys | Des avocats \u00e0 votre \u00e9coute","publisher":{"@id":"https:\/\/www.weissbergavocats.com\/en\/#organization"},"potentialAction":[{"@type":"SearchAction","target":{"@type":"EntryPoint","urlTemplate":"https:\/\/www.weissbergavocats.com\/en\/?s={search_term_string}"},"query-input":{"@type":"PropertyValueSpecification","valueRequired":true,"valueName":"search_term_string"}}],"inLanguage":"en-US"},{"@type":"Organization","@id":"https:\/\/www.weissbergavocats.com\/en\/#organization","name":"Weissberg Law Firm | Weissberg Lawyers","url":"https:\/\/www.weissbergavocats.com\/en\/","logo":{"@type":"ImageObject","inLanguage":"en-US","@id":"https:\/\/www.weissbergavocats.com\/en\/#\/schema\/logo\/image\/","url":"https:\/\/www.weissbergavocats.com\/wp-content\/uploads\/2020\/05\/Logo_Weissberg_law_firm.png","contentUrl":"https:\/\/www.weissbergavocats.com\/wp-content\/uploads\/2020\/05\/Logo_Weissberg_law_firm.png","width":300,"height":300,"caption":"Weissberg Law Firm |\u00a0Weissberg Avocats"},"image":{"@id":"https:\/\/www.weissbergavocats.com\/en\/#\/schema\/logo\/image\/"},"sameAs":["https:\/\/www.facebook.com\/SelarlWeissberg","https:\/\/www.linkedin.com\/in\/audrey-weissberg-6a49171\/"]}]}},"_links":{"self":[{"href":"https:\/\/www.weissbergavocats.com\/en\/wp-json\/wp\/v2\/pages\/6590","targetHints":{"allow":["GET"]}}],"collection":[{"href":"https:\/\/www.weissbergavocats.com\/en\/wp-json\/wp\/v2\/pages"}],"about":[{"href":"https:\/\/www.weissbergavocats.com\/en\/wp-json\/wp\/v2\/types\/page"}],"author":[{"embeddable":true,"href":"https:\/\/www.weissbergavocats.com\/en\/wp-json\/wp\/v2\/users\/1"}],"replies":[{"embeddable":true,"href":"https:\/\/www.weissbergavocats.com\/en\/wp-json\/wp\/v2\/comments?post=6590"}],"version-history":[{"count":13,"href":"https:\/\/www.weissbergavocats.com\/en\/wp-json\/wp\/v2\/pages\/6590\/revisions"}],"predecessor-version":[{"id":6669,"href":"https:\/\/www.weissbergavocats.com\/en\/wp-json\/wp\/v2\/pages\/6590\/revisions\/6669"}],"wp:attachment":[{"href":"https:\/\/www.weissbergavocats.com\/en\/wp-json\/wp\/v2\/media?parent=6590"}],"curies":[{"name":"wp","href":"https:\/\/api.w.org\/{rel}","templated":true}]}}