{"id":6624,"date":"2026-01-13T16:36:07","date_gmt":"2026-01-13T15:36:07","guid":{"rendered":"https:\/\/www.weissbergavocats.com\/?page_id=6624"},"modified":"2026-01-13T17:20:27","modified_gmt":"2026-01-13T16:20:27","slug":"maison-des-adirondacks-bourgogne","status":"publish","type":"page","link":"https:\/\/www.weissbergavocats.com\/en\/maison-des-adirondacks-bourgogne\/","title":{"rendered":"Our real estates deals"},"content":{"rendered":"<div class=\"pdfprnt-buttons pdfprnt-buttons-page pdfprnt-top-left\"><a href=\"https:\/\/www.weissbergavocats.com\/en\/wp-json\/wp\/v2\/pages\/6624?print=print\" class=\"pdfprnt-button pdfprnt-button-print\" target=\"_blank\" ><img decoding=\"async\" src=\"https:\/\/www.weissbergavocats.com\/wp-content\/plugins\/pdf-print\/images\/print.png\" alt=\"image_print\" title=\"Print Content\" \/><\/a><\/div><div class=\"vc_custom_1765822255454\"><div class=\"container\"><div class=\"vc_row wpb_row vc_row-fluid vc_row-has-fill\"><div class=\"wpb_column vc_column_container vc_col-sm-8\"><div class=\"vc_column-inner vc_custom_1765822008036\"><div class=\"wpb_wrapper\"><div class=\"vc_empty_space\"   style=\"height: 50px\"><span class=\"vc_empty_space_inner\"><\/span><\/div>\n\t<div class=\"wpb_text_column wpb_content_element \" id=\"titres\">\n\t\t<div class=\"wpb_wrapper\">\n\t\t\t<div style=\"line-height: 25pt;\">La Maison des Adirondacks<br \/>\n(En Bourgogne)<\/div>\n\n\t\t<\/div>\n\t<\/div>\n<div class=\"vc_empty_space\"   style=\"height: 50px\"><span class=\"vc_empty_space_inner\"><\/span><\/div>\n\t<div class=\"wpb_text_column wpb_content_element \" >\n\t\t<div class=\"wpb_wrapper\">\n\t\t\t<div class=\"lRu31\" dir=\"ltr\"><span class=\"HwtZe\" jsname=\"jqKxS\" jsaction=\"mouseup:Sxi9L,BR6jm; mousedown:qjlr0e\" lang=\"fr\"><span class=\"HwtZe\" jsname=\"jqKxS\" jsaction=\"mouseup:Sxi9L,BR6jm; mousedown:qjlr0e\" lang=\"fr\"><span jsname=\"txFAF\" class=\"jCAhz ChMk0b\" jsaction=\"agoMJf:PFBcW;MZfLnc:P7O7bd;nt4Alf:pvnm0e,pfE8Hb,PFBcW;B01qod:dJXsye;H1e5u:iXtTIf;lYIUJf:hij5Wb;tSpjdb:qAKMYb\" jscontroller=\"BiTO4b\"><span class=\"ryNqvb\" jsname=\"W297wb\" jsaction=\"click:PDNqTc,GFf3ac,qlVvte;contextmenu:Nqw7Te,QP7LD; mouseout:Nqw7Te; mouseover:PDNqTc,c2aHje\">Situ\u00e9e au coeur du village historique d&rsquo;Entrains-sur-Nohain (58410), aux confins de la Ni\u00e8vre et de l&rsquo;Yonne, la Maison des Adirondacks est un clo\u00eetre du XVIIe si\u00e8cle, construit en 1610 par des Huguenots, suite \u00e0 l&rsquo;\u00e9dit d&rsquo;\u00c9dith de Nantes (par lequel Henri IV autorisait la libert\u00e9 de religion autre que le catholicisme &#8211; mettant ainsi fin \u00e0 la guerre de Religion qui ravageait alors la France, entre chr\u00e9tiens catholiques et protestants).<\/span><\/span><span jsname=\"txFAF\" class=\"jCAhz ChMk0b\" jsaction=\"agoMJf:PFBcW;MZfLnc:P7O7bd;nt4Alf:pvnm0e,pfE8Hb,PFBcW;B01qod:dJXsye;H1e5u:iXtTIf;lYIUJf:hij5Wb;tSpjdb:qAKMYb\" jscontroller=\"BiTO4b\"><span class=\"ryNqvb\" jsname=\"W297wb\" jsaction=\"click:PDNqTc,GFf3ac,qlVvte;contextmenu:Nqw7Te,QP7LD; mouseout:Nqw7Te; mouseover:PDNqTc,c2aHje\"><br \/>\nLa Maison des Huguenots est le b\u00e2timent le plus ancien et le plus haut de cette ville romaine d&rsquo;Entrains-sur-Nohain, qui comptait jadis l&rsquo;une des plus grandes villes de Bourgogne avec environ 40\u00a0000 habitants.<\/span><\/span><\/span><\/span><span jsname=\"txFAF\" class=\"jCAhz ChMk0b\" jsaction=\"agoMJf:PFBcW;MZfLnc:P7O7bd;nt4Alf:pvnm0e,pfE8Hb,PFBcW;B01qod:dJXsye;H1e5u:iXtTIf;lYIUJf:hij5Wb;tSpjdb:qAKMYb\" jscontroller=\"BiTO4b\"><span class=\"ryNqvb\" jsname=\"W297wb\" jsaction=\"click:PDNqTc,GFf3ac,qlVvte;contextmenu:Nqw7Te,QP7LD; mouseout:Nqw7Te; mouseover:PDNqTc,c2aHje\">Cette propri\u00e9t\u00e9 a \u00e9t\u00e9 enti\u00e8rement restaur\u00e9e et transform\u00e9e en une confortable maison d&rsquo;h\u00f4tes en 1994. Depuis, elle a \u00e9t\u00e9 soigneusement entretenue et am\u00e9lior\u00e9e.<\/span><\/span><br \/>\n<span jsname=\"txFAF\" class=\"jCAhz ChMk0b\" jsaction=\"agoMJf:PFBcW;MZfLnc:P7O7bd;nt4Alf:pvnm0e,pfE8Hb,PFBcW;B01qod:dJXsye;H1e5u:iXtTIf;lYIUJf:hij5Wb;tSpjdb:qAKMYb\" jscontroller=\"BiTO4b\"><span class=\"ryNqvb\" jsname=\"W297wb\" jsaction=\"click:PDNqTc,GFf3ac,qlVvte;contextmenu:Nqw7Te,QP7LD; mouseout:Nqw7Te; mouseover:PDNqTc,c2aHje\">D&rsquo;une superficie totale de 320 m\u00b2 r\u00e9partie sur 4 niveaux\u00a0:<br \/>\n&#8211; Rez-de-chauss\u00e9e : une salle \u00e0 manger, un salon, deux petites chapelles et une cuisine (80 m\u00b2).<br \/>\n&#8211; Premier \u00e9tage : deux grandes chambres avec hauts plafonds, poutres apparentes, chemin\u00e9es et salles de bains attenantes.<br \/>\n&#8211; Deuxi\u00e8me \u00e9tage : 4 chambres et 3 salles de bains.<br \/>\n&#8211; Troisi\u00e8me \u00e9tage : une salle de jeux pour les jeux, la musique et les films.<\/span><\/span>Construite en pierre, la maison poss\u00e8de une cave \u00e0 vin romane et est en parfait \u00e9tat.<span jsname=\"txFAF\" class=\"jCAhz\" jsaction=\"agoMJf:PFBcW;MZfLnc:P7O7bd;nt4Alf:pvnm0e,pfE8Hb,PFBcW;B01qod:dJXsye;H1e5u:iXtTIf;lYIUJf:hij5Wb;tSpjdb:qAKMYb\" jscontroller=\"BiTO4b\"><span class=\"ryNqvb\" jsname=\"W297wb\" jsaction=\"click:PDNqTc,GFf3ac,qlVvte;contextmenu:Nqw7Te,QP7LD; mouseout:Nqw7Te; mouseover:PDNqTc,c2aHje\"> Elle dispose d&rsquo;un jardin clo\u00eetr\u00e9 \u00e0 l&rsquo;arri\u00e8re et d&rsquo;une d\u00e9pendance pour la buanderie.<\/span><\/span><span jsname=\"txFAF\" class=\"jCAhz\" jsaction=\"agoMJf:PFBcW;MZfLnc:P7O7bd;nt4Alf:pvnm0e,pfE8Hb,PFBcW;B01qod:dJXsye;H1e5u:iXtTIf;lYIUJf:hij5Wb;tSpjdb:qAKMYb\" jscontroller=\"BiTO4b\"><span class=\"ryNqvb\" jsname=\"W297wb\" jsaction=\"click:PDNqTc,GFf3ac,qlVvte;contextmenu:Nqw7Te,QP7LD; mouseout:Nqw7Te; mouseover:PDNqTc,c2aHje\"><br \/>\nLa propri\u00e9t\u00e9 b\u00e9n\u00e9ficie \u00e9galement d&rsquo;un potager donnant sur la rivi\u00e8re.<\/span><\/span><span jsname=\"txFAF\" class=\"jCAhz ChMk0b\" jsaction=\"agoMJf:PFBcW;MZfLnc:P7O7bd;nt4Alf:pvnm0e,pfE8Hb,PFBcW;B01qod:dJXsye;H1e5u:iXtTIf;lYIUJf:hij5Wb;tSpjdb:qAKMYb\" jscontroller=\"BiTO4b\"><span class=\"ryNqvb\" jsname=\"W297wb\" jsaction=\"click:PDNqTc,GFf3ac,qlVvte;contextmenu:Nqw7Te,QP7LD; mouseout:Nqw7Te; mouseover:PDNqTc,c2aHje\"><br \/>\nEnti\u00e8rement meubl\u00e9e, elle se loue tr\u00e8s bien en chambres d&rsquo;h\u00f4tes.<\/span><\/span><\/div>\n<div dir=\"ltr\"><\/div>\n<div class=\"lRu31\" dir=\"ltr\">\n<p><span class=\"HwtZe\" jsname=\"jqKxS\" jsaction=\"mouseup:Sxi9L,BR6jm; mousedown:qjlr0e\" lang=\"fr\"><span jsname=\"txFAF\" class=\"jCAhz ChMk0b\" jsaction=\"agoMJf:PFBcW;MZfLnc:P7O7bd;nt4Alf:pvnm0e,pfE8Hb,PFBcW;B01qod:dJXsye;H1e5u:iXtTIf;lYIUJf:hij5Wb;tSpjdb:qAKMYb\" jscontroller=\"BiTO4b\"><span class=\"ryNqvb\" jsname=\"W297wb\" jsaction=\"click:PDNqTc,GFf3ac,qlVvte;contextmenu:Nqw7Te,QP7LD; mouseout:Nqw7Te; mouseover:PDNqTc,c2aHje\">Entrains se situe au c\u0153ur du vignoble, \u00e0 proximit\u00e9 de Pouilly, Sancerre, Coulange-la-Vineuse et Chablis.<\/span><\/span><span jsname=\"txFAF\" class=\"jCAhz ChMk0b\" jsaction=\"agoMJf:PFBcW;MZfLnc:P7O7bd;nt4Alf:pvnm0e,pfE8Hb,PFBcW;B01qod:dJXsye;H1e5u:iXtTIf;lYIUJf:hij5Wb;tSpjdb:qAKMYb\" jscontroller=\"BiTO4b\"><span class=\"ryNqvb\" jsname=\"W297wb\" jsaction=\"click:PDNqTc,GFf3ac,qlVvte;contextmenu:Nqw7Te,QP7LD; mouseout:Nqw7Te; mouseover:PDNqTc,c2aHje\"><br \/>\n\u00c0 2 heures au sud de Paris, 20 minutes de Cosne-sur-Loire et 30 minutes d&rsquo;Auxerres et V\u00e9zelay, s<\/span><\/span><span jsname=\"txFAF\" class=\"jCAhz\" jsaction=\"agoMJf:PFBcW;MZfLnc:P7O7bd;nt4Alf:pvnm0e,pfE8Hb,PFBcW;B01qod:dJXsye;H1e5u:iXtTIf;lYIUJf:hij5Wb;tSpjdb:qAKMYb\" jscontroller=\"BiTO4b\"><span class=\"ryNqvb\" jsname=\"W297wb\" jsaction=\"click:PDNqTc,GFf3ac,qlVvte;contextmenu:Nqw7Te,QP7LD; mouseout:Nqw7Te; mouseover:PDNqTc,c2aHje\">ur le chemin des p\u00e8lerins de San Diego de Compostelle.<\/span><\/span><\/span><\/p>\n<div class=\"NQSJo\"><\/div>\n<\/div>\n<div class=\"UdTY9 WdefRb\" aria-hidden=\"true\" data-location=\"2\">\n<div class=\"kO6q6e\"><\/div>\n<\/div>\n\n\t\t<\/div>\n\t<\/div>\n<div class=\"vc_empty_space\"   style=\"height: 50px\"><span class=\"vc_empty_space_inner\"><\/span><\/div><\/div><\/div><\/div><div class=\"wpb_column vc_column_container vc_col-sm-4\"><div class=\"vc_column-inner\"><div class=\"wpb_wrapper\"><div class=\"wpb_gmaps_widget wpb_content_element\"><div class=\"wpb_wrapper\"><div class=\"wpb_map_wraper\"><iframe src=\"https:\/\/www.google.com\/maps\/embed?pb=!1m18!1m12!1m3!1d86327.87453500526!2d3.193942706901023!3d47.455888933268014!2m3!1f0!2f0!3f0!3m2!1i1024!2i768!4f13.1!3m3!1m2!1s0x47efd693fea52c8d%3A0x409ce34b3108590!2s58410%20Entrains-sur-Nohain!5e0!3m2!1sfr!2sfr!4v1765874022108!5m2!1sfr!2sfr\" width=\"200\" height=\"450\" style=\"border:0;\" allowfullscreen=\"\" loading=\"lazy\" referrerpolicy=\"no-referrer-when-downgrade\"><\/iframe><\/div><\/div><\/div><\/div><\/div><\/div><\/div><\/div><\/div><div class=\"vc_custom_1765822285478\"><div class=\"container\"><div class=\"vc_row wpb_row vc_row-fluid vc_row-has-fill\"><div class=\"wpb_column vc_column_container vc_col-sm-12\"><div class=\"vc_column-inner\"><div class=\"wpb_wrapper\"><div class=\"wpb_gallery wpb_content_element vc_clearfix\" ><div class=\"wpb_wrapper\"><div class=\"wpb_gallery_slides wpb_flexslider flexslider_slide flexslider\" data-interval=\"0\" data-flex_fx=\"slide\"><ul class=\"slides\"><li><a class=\"\" href=\"https:\/\/www.weissbergavocats.com\/wp-content\/uploads\/2025\/12\/1.FACADE-1024x768.jpg\" data-lightbox=\"lightbox[rel-6624-351373674]\"><img loading=\"lazy\" decoding=\"async\" width=\"1600\" height=\"1200\" src=\"https:\/\/www.weissbergavocats.com\/wp-content\/uploads\/2025\/12\/1.FACADE-scaled-e1768400504696.jpg\" class=\"attachment-full\" alt=\"\" title=\"1.FACADE\" \/><\/a><\/li><li><a class=\"\" href=\"https:\/\/www.weissbergavocats.com\/wp-content\/uploads\/2025\/12\/2.ARRIERE-1024x680.jpg\" data-lightbox=\"lightbox[rel-6624-351373674]\"><img loading=\"lazy\" decoding=\"async\" width=\"2560\" height=\"1700\" src=\"https:\/\/www.weissbergavocats.com\/wp-content\/uploads\/2025\/12\/2.ARRIERE-scaled.jpg\" class=\"attachment-full\" alt=\"\" title=\"2.ARRIERE\" srcset=\"https:\/\/www.weissbergavocats.com\/wp-content\/uploads\/2025\/12\/2.ARRIERE-scaled.jpg 2560w, https:\/\/www.weissbergavocats.com\/wp-content\/uploads\/2025\/12\/2.ARRIERE-1536x1020.jpg 1536w, https:\/\/www.weissbergavocats.com\/wp-content\/uploads\/2025\/12\/2.ARRIERE-2048x1360.jpg 2048w, https:\/\/www.weissbergavocats.com\/wp-content\/uploads\/2025\/12\/2.ARRIERE-18x12.jpg 18w, https:\/\/www.weissbergavocats.com\/wp-content\/uploads\/2025\/12\/2.ARRIERE-300x199.jpg 300w, https:\/\/www.weissbergavocats.com\/wp-content\/uploads\/2025\/12\/2.ARRIERE-768x510.jpg 768w, https:\/\/www.weissbergavocats.com\/wp-content\/uploads\/2025\/12\/2.ARRIERE-1024x680.jpg 1024w\" sizes=\"auto, (max-width: 2560px) 100vw, 2560px\" \/><\/a><\/li><li><a class=\"\" href=\"https:\/\/www.weissbergavocats.com\/wp-content\/uploads\/2025\/12\/3.ENTREE.jpg\" data-lightbox=\"lightbox[rel-6624-351373674]\"><img loading=\"lazy\" decoding=\"async\" width=\"480\" height=\"319\" src=\"https:\/\/www.weissbergavocats.com\/wp-content\/uploads\/2025\/12\/3.ENTREE.jpg\" class=\"attachment-full\" alt=\"\" title=\"3.ENTRE\u0301E\" srcset=\"https:\/\/www.weissbergavocats.com\/wp-content\/uploads\/2025\/12\/3.ENTREE.jpg 480w, https:\/\/www.weissbergavocats.com\/wp-content\/uploads\/2025\/12\/3.ENTREE-18x12.jpg 18w, https:\/\/www.weissbergavocats.com\/wp-content\/uploads\/2025\/12\/3.ENTREE-300x199.jpg 300w\" sizes=\"auto, (max-width: 480px) 100vw, 480px\" \/><\/a><\/li><li><a class=\"\" href=\"https:\/\/www.weissbergavocats.com\/wp-content\/uploads\/2025\/12\/4.ETAGE1_.jpg\" data-lightbox=\"lightbox[rel-6624-351373674]\"><img loading=\"lazy\" decoding=\"async\" width=\"480\" height=\"319\" src=\"https:\/\/www.weissbergavocats.com\/wp-content\/uploads\/2025\/12\/4.ETAGE1_.jpg\" class=\"attachment-full\" alt=\"\" title=\"4.ETAGE1\" srcset=\"https:\/\/www.weissbergavocats.com\/wp-content\/uploads\/2025\/12\/4.ETAGE1_.jpg 480w, https:\/\/www.weissbergavocats.com\/wp-content\/uploads\/2025\/12\/4.ETAGE1_-18x12.jpg 18w, https:\/\/www.weissbergavocats.com\/wp-content\/uploads\/2025\/12\/4.ETAGE1_-300x199.jpg 300w\" sizes=\"auto, (max-width: 480px) 100vw, 480px\" \/><\/a><\/li><li><a class=\"\" href=\"https:\/\/www.weissbergavocats.com\/wp-content\/uploads\/2025\/12\/5.SDB_.jpg\" data-lightbox=\"lightbox[rel-6624-351373674]\"><img loading=\"lazy\" decoding=\"async\" width=\"480\" height=\"319\" src=\"https:\/\/www.weissbergavocats.com\/wp-content\/uploads\/2025\/12\/5.SDB_.jpg\" class=\"attachment-full\" alt=\"\" title=\"5.SDB\" srcset=\"https:\/\/www.weissbergavocats.com\/wp-content\/uploads\/2025\/12\/5.SDB_.jpg 480w, https:\/\/www.weissbergavocats.com\/wp-content\/uploads\/2025\/12\/5.SDB_-18x12.jpg 18w, https:\/\/www.weissbergavocats.com\/wp-content\/uploads\/2025\/12\/5.SDB_-300x199.jpg 300w\" sizes=\"auto, (max-width: 480px) 100vw, 480px\" \/><\/a><\/li><li><a class=\"\" href=\"https:\/\/www.weissbergavocats.com\/wp-content\/uploads\/2025\/12\/6.ETAGE2_.jpg\" data-lightbox=\"lightbox[rel-6624-351373674]\"><img loading=\"lazy\" decoding=\"async\" width=\"480\" height=\"319\" src=\"https:\/\/www.weissbergavocats.com\/wp-content\/uploads\/2025\/12\/6.ETAGE2_.jpg\" class=\"attachment-full\" alt=\"\" title=\"6.ETAGE2\" srcset=\"https:\/\/www.weissbergavocats.com\/wp-content\/uploads\/2025\/12\/6.ETAGE2_.jpg 480w, https:\/\/www.weissbergavocats.com\/wp-content\/uploads\/2025\/12\/6.ETAGE2_-18x12.jpg 18w, https:\/\/www.weissbergavocats.com\/wp-content\/uploads\/2025\/12\/6.ETAGE2_-300x199.jpg 300w\" sizes=\"auto, (max-width: 480px) 100vw, 480px\" \/><\/a><\/li><li><a class=\"\" href=\"https:\/\/www.weissbergavocats.com\/wp-content\/uploads\/2025\/12\/7ETAGE3.jpg\" data-lightbox=\"lightbox[rel-6624-351373674]\"><img loading=\"lazy\" decoding=\"async\" width=\"480\" height=\"319\" src=\"https:\/\/www.weissbergavocats.com\/wp-content\/uploads\/2025\/12\/7ETAGE3.jpg\" class=\"attachment-full\" alt=\"\" title=\"7ETAGE3\" srcset=\"https:\/\/www.weissbergavocats.com\/wp-content\/uploads\/2025\/12\/7ETAGE3.jpg 480w, https:\/\/www.weissbergavocats.com\/wp-content\/uploads\/2025\/12\/7ETAGE3-18x12.jpg 18w, https:\/\/www.weissbergavocats.com\/wp-content\/uploads\/2025\/12\/7ETAGE3-300x199.jpg 300w\" sizes=\"auto, (max-width: 480px) 100vw, 480px\" \/><\/a><\/li><\/ul><\/div><\/div><\/div><\/div><\/div><\/div><\/div><\/div><\/div>\n","protected":false},"excerpt":{"rendered":"La Maison des Adirondacks (En Bourgogne) Situ\u00e9e au coeur du village historique d'Entrains-sur-Nohain (58410), aux confins de la Ni\u00e8vre et de l'Yonne, la Maison des Adirondacks est un clo\u00eetre du XVIIe si\u00e8cle, construit en 1610 par des Huguenots, suite \u00e0 l'\u00e9dit d'\u00c9dith de Nantes (par lequel Henri IV autorisait la libert\u00e9 de religion autre que [...]","protected":false},"author":1,"featured_media":0,"parent":0,"menu_order":0,"comment_status":"closed","ping_status":"closed","template":"","meta":{"_exactmetrics_skip_tracking":false,"_exactmetrics_sitenote_active":false,"_exactmetrics_sitenote_note":"","_exactmetrics_sitenote_category":0,"footnotes":""},"class_list":["post-6624","page","type-page","status-publish","hentry"],"yoast_head":"<!-- This site is optimized with the Yoast SEO plugin v27.5 - https:\/\/yoast.com\/product\/yoast-seo-wordpress\/ -->\n<title>Nos mandats immobiliers - Weissberg Law Firm |\u00a0Weissberg Avocats<\/title>\n<meta name=\"robots\" content=\"index, follow, max-snippet:-1, max-image-preview:large, max-video-preview:-1\" \/>\n<link rel=\"canonical\" href=\"https:\/\/www.weissbergavocats.com\/en\/maison-des-adirondacks-bourgogne\/\" \/>\n<meta property=\"og:locale\" content=\"en_US\" \/>\n<meta property=\"og:type\" content=\"article\" \/>\n<meta property=\"og:title\" content=\"Nos mandats immobiliers - Weissberg Law Firm |\u00a0Weissberg Avocats\" \/>\n<meta property=\"og:url\" content=\"https:\/\/www.weissbergavocats.com\/en\/maison-des-adirondacks-bourgogne\/\" \/>\n<meta property=\"og:site_name\" content=\"Weissberg Law Firm |\u00a0Weissberg Avocats\" \/>\n<meta property=\"article:publisher\" content=\"https:\/\/www.facebook.com\/SelarlWeissberg\" \/>\n<meta property=\"article:modified_time\" content=\"2026-01-13T16:20:27+00:00\" \/>\n<meta property=\"og:image\" content=\"https:\/\/www.weissbergavocats.com\/wp-content\/uploads\/2020\/05\/Logo_Weissberg_law_firm.png\" \/>\n\t<meta property=\"og:image:width\" content=\"300\" \/>\n\t<meta property=\"og:image:height\" content=\"300\" \/>\n\t<meta property=\"og:image:type\" content=\"image\/png\" \/>\n<meta name=\"twitter:card\" content=\"summary_large_image\" \/>\n<meta name=\"twitter:label1\" content=\"Est. reading time\" \/>\n\t<meta name=\"twitter:data1\" content=\"2 minutes\" \/>\n<!-- \/ Yoast SEO plugin. -->","yoast_head_json":{"title":"Nos mandats immobiliers - Weissberg Law Firm |\u00a0Weissberg Avocats","robots":{"index":"index","follow":"follow","max-snippet":"max-snippet:-1","max-image-preview":"max-image-preview:large","max-video-preview":"max-video-preview:-1"},"canonical":"https:\/\/www.weissbergavocats.com\/en\/maison-des-adirondacks-bourgogne\/","og_locale":"en_US","og_type":"article","og_title":"Nos mandats immobiliers - Weissberg Law Firm |\u00a0Weissberg Avocats","og_url":"https:\/\/www.weissbergavocats.com\/en\/maison-des-adirondacks-bourgogne\/","og_site_name":"Weissberg Law Firm |\u00a0Weissberg Avocats","article_publisher":"https:\/\/www.facebook.com\/SelarlWeissberg","article_modified_time":"2026-01-13T16:20:27+00:00","og_image":[{"width":300,"height":300,"url":"https:\/\/www.weissbergavocats.com\/wp-content\/uploads\/2020\/05\/Logo_Weissberg_law_firm.png","type":"image\/png"}],"twitter_card":"summary_large_image","twitter_misc":{"Est. reading time":"2 minutes"},"schema":{"@context":"https:\/\/schema.org","@graph":[{"@type":"WebPage","@id":"https:\/\/www.weissbergavocats.com\/maison-des-adirondacks-bourgogne\/","url":"https:\/\/www.weissbergavocats.com\/maison-des-adirondacks-bourgogne\/","name":"Nos mandats immobiliers - Weissberg Law Firm |\u00a0Weissberg Avocats","isPartOf":{"@id":"https:\/\/www.weissbergavocats.com\/en\/#website"},"datePublished":"2026-01-13T15:36:07+00:00","dateModified":"2026-01-13T16:20:27+00:00","breadcrumb":{"@id":"https:\/\/www.weissbergavocats.com\/maison-des-adirondacks-bourgogne\/#breadcrumb"},"inLanguage":"en-US","potentialAction":[{"@type":"ReadAction","target":["https:\/\/www.weissbergavocats.com\/maison-des-adirondacks-bourgogne\/"]}]},{"@type":"BreadcrumbList","@id":"https:\/\/www.weissbergavocats.com\/maison-des-adirondacks-bourgogne\/#breadcrumb","itemListElement":[{"@type":"ListItem","position":1,"name":"Accueil","item":"https:\/\/www.weissbergavocats.com\/"},{"@type":"ListItem","position":2,"name":"Nos mandats immobiliers"}]},{"@type":"WebSite","@id":"https:\/\/www.weissbergavocats.com\/en\/#website","url":"https:\/\/www.weissbergavocats.com\/en\/","name":"Weissberg Law Firm | Weissberg Lawyers","description":"Cross-border attorneys | Des avocats \u00e0 votre \u00e9coute","publisher":{"@id":"https:\/\/www.weissbergavocats.com\/en\/#organization"},"potentialAction":[{"@type":"SearchAction","target":{"@type":"EntryPoint","urlTemplate":"https:\/\/www.weissbergavocats.com\/en\/?s={search_term_string}"},"query-input":{"@type":"PropertyValueSpecification","valueRequired":true,"valueName":"search_term_string"}}],"inLanguage":"en-US"},{"@type":"Organization","@id":"https:\/\/www.weissbergavocats.com\/en\/#organization","name":"Weissberg Law Firm | Weissberg Lawyers","url":"https:\/\/www.weissbergavocats.com\/en\/","logo":{"@type":"ImageObject","inLanguage":"en-US","@id":"https:\/\/www.weissbergavocats.com\/en\/#\/schema\/logo\/image\/","url":"https:\/\/www.weissbergavocats.com\/wp-content\/uploads\/2020\/05\/Logo_Weissberg_law_firm.png","contentUrl":"https:\/\/www.weissbergavocats.com\/wp-content\/uploads\/2020\/05\/Logo_Weissberg_law_firm.png","width":300,"height":300,"caption":"Weissberg Law Firm |\u00a0Weissberg Avocats"},"image":{"@id":"https:\/\/www.weissbergavocats.com\/en\/#\/schema\/logo\/image\/"},"sameAs":["https:\/\/www.facebook.com\/SelarlWeissberg","https:\/\/www.linkedin.com\/in\/audrey-weissberg-6a49171\/"]}]}},"_links":{"self":[{"href":"https:\/\/www.weissbergavocats.com\/en\/wp-json\/wp\/v2\/pages\/6624","targetHints":{"allow":["GET"]}}],"collection":[{"href":"https:\/\/www.weissbergavocats.com\/en\/wp-json\/wp\/v2\/pages"}],"about":[{"href":"https:\/\/www.weissbergavocats.com\/en\/wp-json\/wp\/v2\/types\/page"}],"author":[{"embeddable":true,"href":"https:\/\/www.weissbergavocats.com\/en\/wp-json\/wp\/v2\/users\/1"}],"replies":[{"embeddable":true,"href":"https:\/\/www.weissbergavocats.com\/en\/wp-json\/wp\/v2\/comments?post=6624"}],"version-history":[{"count":6,"href":"https:\/\/www.weissbergavocats.com\/en\/wp-json\/wp\/v2\/pages\/6624\/revisions"}],"predecessor-version":[{"id":6667,"href":"https:\/\/www.weissbergavocats.com\/en\/wp-json\/wp\/v2\/pages\/6624\/revisions\/6667"}],"wp:attachment":[{"href":"https:\/\/www.weissbergavocats.com\/en\/wp-json\/wp\/v2\/media?parent=6624"}],"curies":[{"name":"wp","href":"https:\/\/api.w.org\/{rel}","templated":true}]}}